{"id":821,"date":"2023-09-28T17:28:19","date_gmt":"2023-09-28T20:28:19","guid":{"rendered":"https:\/\/odontocompanymandacaru.com.br\/\/?page_id=821"},"modified":"2025-02-20T14:55:30","modified_gmt":"2025-02-20T17:55:30","slug":"protese","status":"publish","type":"page","link":"https:\/\/odontocompanymandacaru.com.br\/site\/protese\/","title":{"rendered":"Pr\u00f3tese"},"content":{"rendered":"\t\t<div data-elementor-type=\"wp-page\" data-elementor-id=\"821\" class=\"elementor elementor-821\">\n\t\t\t\t\t\t\t<div class=\"elementor-element elementor-element-7847d9d e-flex e-con-boxed e-con e-parent\" data-id=\"7847d9d\" data-element_type=\"container\" data-settings=\"{&quot;background_background&quot;:&quot;classic&quot;,&quot;content_width&quot;:&quot;boxed&quot;}\" data-core-v316-plus=\"true\">\n\t\t\t\t\t<div class=\"e-con-inner\">\n\t\t\t\t<div class=\"elementor-element elementor-element-de6e26f elementor-widget elementor-widget-heading\" data-id=\"de6e26f\" data-element_type=\"widget\" data-widget_type=\"heading.default\">\n\t\t\t\t<div class=\"elementor-widget-container\">\n\t\t\t<style>\/*! elementor - v3.17.0 - 08-11-2023 *\/\n.elementor-heading-title{padding:0;margin:0;line-height:1}.elementor-widget-heading .elementor-heading-title[class*=elementor-size-]>a{color:inherit;font-size:inherit;line-height:inherit}.elementor-widget-heading .elementor-heading-title.elementor-size-small{font-size:15px}.elementor-widget-heading .elementor-heading-title.elementor-size-medium{font-size:19px}.elementor-widget-heading .elementor-heading-title.elementor-size-large{font-size:29px}.elementor-widget-heading .elementor-heading-title.elementor-size-xl{font-size:39px}.elementor-widget-heading .elementor-heading-title.elementor-size-xxl{font-size:59px}<\/style><h2 class=\"elementor-heading-title elementor-size-default\">Pr\u00f3tese<\/h2>\t\t<\/div>\n\t\t\t\t<\/div>\n\t\t\t\t\t<\/div>\n\t\t\t\t<\/div>\n\t\t<div class=\"elementor-element elementor-element-1aa294e7 e-flex e-con-boxed e-con e-parent\" data-id=\"1aa294e7\" data-element_type=\"container\" data-settings=\"{&quot;background_background&quot;:&quot;classic&quot;,&quot;content_width&quot;:&quot;boxed&quot;}\" data-core-v316-plus=\"true\">\n\t\t\t\t\t<div class=\"e-con-inner\">\n\t\t<div class=\"elementor-element elementor-element-369ba10e e-con-full e-flex e-con e-child\" data-id=\"369ba10e\" data-element_type=\"container\" data-settings=\"{&quot;content_width&quot;:&quot;full&quot;}\">\n\t\t\t\t<div class=\"elementor-element elementor-element-aa6726c elementor-widget elementor-widget-image\" data-id=\"aa6726c\" data-element_type=\"widget\" data-widget_type=\"image.default\">\n\t\t\t\t<div class=\"elementor-widget-container\">\n\t\t\t<style>\/*! elementor - v3.17.0 - 08-11-2023 *\/\n.elementor-widget-image{text-align:center}.elementor-widget-image a{display:inline-block}.elementor-widget-image a img[src$=\".svg\"]{width:48px}.elementor-widget-image img{vertical-align:middle;display:inline-block}<\/style>\t\t\t\t\t\t\t\t\t\t\t\t<img loading=\"lazy\" decoding=\"async\" width=\"1024\" height=\"576\" src=\"https:\/\/odontocompanymandacaru.com.br\/site\/wp-content\/uploads\/2023\/09\/clientes-bocas-02-1024x576.jpg\" class=\"attachment-large size-large wp-image-802\" alt=\"\" srcset=\"https:\/\/odontocompanymandacaru.com.br\/site\/wp-content\/uploads\/2023\/09\/clientes-bocas-02-1024x576.jpg 1024w, https:\/\/odontocompanymandacaru.com.br\/site\/wp-content\/uploads\/2023\/09\/clientes-bocas-02-300x169.jpg 300w, https:\/\/odontocompanymandacaru.com.br\/site\/wp-content\/uploads\/2023\/09\/clientes-bocas-02-768x432.jpg 768w, https:\/\/odontocompanymandacaru.com.br\/site\/wp-content\/uploads\/2023\/09\/clientes-bocas-02-1536x864.jpg 1536w, https:\/\/odontocompanymandacaru.com.br\/site\/wp-content\/uploads\/2023\/09\/clientes-bocas-02.jpg 1920w\" sizes=\"auto, (max-width: 1024px) 100vw, 1024px\" \/>\t\t\t\t\t\t\t\t\t\t\t\t\t\t\t<\/div>\n\t\t\t\t<\/div>\n\t\t\t\t<\/div>\n\t\t<div class=\"elementor-element elementor-element-7f618908 e-con-full e-flex e-con e-child\" data-id=\"7f618908\" data-element_type=\"container\" data-settings=\"{&quot;content_width&quot;:&quot;full&quot;}\">\n\t\t\t\t<div class=\"elementor-element elementor-element-63bc68bb elementor-widget elementor-widget-text-editor\" data-id=\"63bc68bb\" data-element_type=\"widget\" data-widget_type=\"text-editor.default\">\n\t\t\t\t<div class=\"elementor-widget-container\">\n\t\t\t<style>\/*! elementor - v3.17.0 - 08-11-2023 *\/\n.elementor-widget-text-editor.elementor-drop-cap-view-stacked .elementor-drop-cap{background-color:#69727d;color:#fff}.elementor-widget-text-editor.elementor-drop-cap-view-framed .elementor-drop-cap{color:#69727d;border:3px solid;background-color:transparent}.elementor-widget-text-editor:not(.elementor-drop-cap-view-default) .elementor-drop-cap{margin-top:8px}.elementor-widget-text-editor:not(.elementor-drop-cap-view-default) .elementor-drop-cap-letter{width:1em;height:1em}.elementor-widget-text-editor .elementor-drop-cap{float:left;text-align:center;line-height:1;font-size:50px}.elementor-widget-text-editor .elementor-drop-cap-letter{display:inline-block}<\/style>\t\t\t\t<p>Confira alguns resultados de tratamentos realizados aqui em nossa Cl\u00ednica.<\/p>\t\t\t\t\t\t<\/div>\n\t\t\t\t<\/div>\n\t\t\t\t<\/div>\n\t\t\t\t\t<\/div>\n\t\t\t\t<\/div>\n\t\t<div class=\"elementor-element elementor-element-2fee5b40 e-flex e-con-boxed e-con e-parent\" data-id=\"2fee5b40\" data-element_type=\"container\" data-settings=\"{&quot;background_background&quot;:&quot;classic&quot;,&quot;content_width&quot;:&quot;boxed&quot;}\" data-core-v316-plus=\"true\">\n\t\t\t\t\t<div class=\"e-con-inner\">\n\t\t<div class=\"elementor-element elementor-element-667a73fd e-con-full e-flex e-con e-child\" data-id=\"667a73fd\" data-element_type=\"container\" data-settings=\"{&quot;content_width&quot;:&quot;full&quot;}\">\n\t\t\t\t<div class=\"elementor-element elementor-element-60af86f7 elementor-widget elementor-widget-heading\" data-id=\"60af86f7\" data-element_type=\"widget\" data-widget_type=\"heading.default\">\n\t\t\t\t<div class=\"elementor-widget-container\">\n\t\t\t<h2 class=\"elementor-heading-title elementor-size-default\">Dona Judite<\/h2>\t\t<\/div>\n\t\t\t\t<\/div>\n\t\t\t\t<div class=\"elementor-element elementor-element-3f738532 elementor-widget elementor-widget-text-editor\" data-id=\"3f738532\" data-element_type=\"widget\" data-widget_type=\"text-editor.default\">\n\t\t\t\t<div class=\"elementor-widget-container\">\n\t\t\t\t\t\t\t<p>Pr\u00f3tese Inferior (dentadura) caracterizada, feita com todo carinho e profissionalismo por nossa equipe. Agora, ela pode voltar a sorrir com confian\u00e7a e viver momentos cheios de alegria!<\/p>\t\t\t\t\t\t<\/div>\n\t\t\t\t<\/div>\n\t\t\t\t<\/div>\n\t\t<div class=\"elementor-element elementor-element-10ff0736 e-con-full e-flex e-con e-child\" data-id=\"10ff0736\" data-element_type=\"container\" data-settings=\"{&quot;content_width&quot;:&quot;full&quot;}\">\n\t\t\t\t<div class=\"elementor-element elementor-element-17384a95 elementor-widget elementor-widget-image\" data-id=\"17384a95\" data-element_type=\"widget\" data-widget_type=\"image.default\">\n\t\t\t\t<div class=\"elementor-widget-container\">\n\t\t\t\t\t\t\t\t\t\t\t\t\t\t\t<img loading=\"lazy\" decoding=\"async\" width=\"1024\" height=\"1024\" src=\"https:\/\/odontocompanymandacaru.com.br\/site\/wp-content\/uploads\/2025\/01\/000-1024x1024.png\" class=\"attachment-large size-large wp-image-1461\" alt=\"\" srcset=\"https:\/\/odontocompanymandacaru.com.br\/site\/wp-content\/uploads\/2025\/01\/000-1024x1024.png 1024w, https:\/\/odontocompanymandacaru.com.br\/site\/wp-content\/uploads\/2025\/01\/000-300x300.png 300w, https:\/\/odontocompanymandacaru.com.br\/site\/wp-content\/uploads\/2025\/01\/000-150x150.png 150w, https:\/\/odontocompanymandacaru.com.br\/site\/wp-content\/uploads\/2025\/01\/000-768x768.png 768w, https:\/\/odontocompanymandacaru.com.br\/site\/wp-content\/uploads\/2025\/01\/000.png 1080w\" sizes=\"auto, (max-width: 1024px) 100vw, 1024px\" \/>\t\t\t\t\t\t\t\t\t\t\t\t\t\t\t<\/div>\n\t\t\t\t<\/div>\n\t\t\t\t<\/div>\n\t\t\t\t\t<\/div>\n\t\t\t\t<\/div>\n\t\t<div class=\"elementor-element elementor-element-4962542 e-flex e-con-boxed e-con e-parent\" data-id=\"4962542\" data-element_type=\"container\" data-settings=\"{&quot;background_background&quot;:&quot;classic&quot;,&quot;content_width&quot;:&quot;boxed&quot;}\" data-core-v316-plus=\"true\">\n\t\t\t\t\t<div class=\"e-con-inner\">\n\t\t<div class=\"elementor-element elementor-element-4b79bf9d e-con-full e-flex e-con e-child\" data-id=\"4b79bf9d\" data-element_type=\"container\" data-settings=\"{&quot;content_width&quot;:&quot;full&quot;}\">\n\t\t\t\t<div class=\"elementor-element elementor-element-4b997181 elementor-widget elementor-widget-heading\" data-id=\"4b997181\" data-element_type=\"widget\" data-widget_type=\"heading.default\">\n\t\t\t\t<div class=\"elementor-widget-container\">\n\t\t\t<h2 class=\"elementor-heading-title elementor-size-default\">Dona Neuza<\/h2>\t\t<\/div>\n\t\t\t\t<\/div>\n\t\t\t\t<div class=\"elementor-element elementor-element-100e0a72 elementor-widget elementor-widget-text-editor\" data-id=\"100e0a72\" data-element_type=\"widget\" data-widget_type=\"text-editor.default\">\n\t\t\t\t<div class=\"elementor-widget-container\">\n\t\t\t\t\t\t\t<p>Dona Neuza teve seu sorriso de volta e agora sorri despreocupada. Aqui, cuidamos de cada detalhe para que voc\u00ea tenha o sorriso que sempre sonhou. Seja voc\u00ea tamb\u00e9m parte dessa transforma\u00e7\u00e3o!<\/p>\t\t\t\t\t\t<\/div>\n\t\t\t\t<\/div>\n\t\t\t\t<\/div>\n\t\t<div class=\"elementor-element elementor-element-6678d2b5 e-con-full e-flex e-con e-child\" data-id=\"6678d2b5\" data-element_type=\"container\" data-settings=\"{&quot;content_width&quot;:&quot;full&quot;}\">\n\t\t\t\t<div class=\"elementor-element elementor-element-96ec884 elementor-widget elementor-widget-video\" data-id=\"96ec884\" data-element_type=\"widget\" data-settings=\"{&quot;video_type&quot;:&quot;hosted&quot;,&quot;controls&quot;:&quot;yes&quot;}\" data-widget_type=\"video.default\">\n\t\t\t\t<div class=\"elementor-widget-container\">\n\t\t\t<style>\/*! elementor - v3.17.0 - 08-11-2023 *\/\n.elementor-widget-video .elementor-widget-container{overflow:hidden;transform:translateZ(0)}.elementor-widget-video .elementor-wrapper{aspect-ratio:var(--video-aspect-ratio)}.elementor-widget-video .elementor-wrapper iframe,.elementor-widget-video .elementor-wrapper video{height:100%;width:100%;display:flex;border:none;background-color:#000}@supports not (aspect-ratio:1\/1){.elementor-widget-video .elementor-wrapper{position:relative;overflow:hidden;height:0;padding-bottom:calc(100% \/ var(--video-aspect-ratio))}.elementor-widget-video .elementor-wrapper iframe,.elementor-widget-video .elementor-wrapper video{position:absolute;top:0;right:0;bottom:0;left:0}}.elementor-widget-video .elementor-open-inline .elementor-custom-embed-image-overlay{position:absolute;top:0;right:0;bottom:0;left:0;background-size:cover;background-position:50%}.elementor-widget-video .elementor-custom-embed-image-overlay{cursor:pointer;text-align:center}.elementor-widget-video .elementor-custom-embed-image-overlay:hover .elementor-custom-embed-play i{opacity:1}.elementor-widget-video .elementor-custom-embed-image-overlay img{display:block;width:100%;aspect-ratio:var(--video-aspect-ratio);-o-object-fit:cover;object-fit:cover;-o-object-position:center center;object-position:center center}@supports not (aspect-ratio:1\/1){.elementor-widget-video .elementor-custom-embed-image-overlay{position:relative;overflow:hidden;height:0;padding-bottom:calc(100% \/ var(--video-aspect-ratio))}.elementor-widget-video .elementor-custom-embed-image-overlay img{position:absolute;top:0;right:0;bottom:0;left:0}}.elementor-widget-video .e-hosted-video .elementor-video{-o-object-fit:cover;object-fit:cover}.e-con-inner>.elementor-widget-video,.e-con>.elementor-widget-video{width:var(--container-widget-width);--flex-grow:var(--container-widget-flex-grow)}<\/style>\t\t<div class=\"e-hosted-video elementor-wrapper elementor-open-inline\">\n\t\t\t\t\t<video class=\"elementor-video\" src=\"https:\/\/odontocompanymandacaru.com.br\/site\/wp-content\/uploads\/2023\/09\/protese-odonto-company-01.mp4\" controls=\"\" preload=\"metadata\" controlsList=\"nodownload\"><\/video>\n\t\t\t\t<\/div>\n\t\t\t\t<\/div>\n\t\t\t\t<\/div>\n\t\t\t\t<\/div>\n\t\t\t\t\t<\/div>\n\t\t\t\t<\/div>\n\t\t<div class=\"elementor-element elementor-element-6d397e77 e-flex e-con-boxed e-con e-parent\" data-id=\"6d397e77\" data-element_type=\"container\" data-settings=\"{&quot;background_background&quot;:&quot;classic&quot;,&quot;content_width&quot;:&quot;boxed&quot;}\" data-core-v316-plus=\"true\">\n\t\t\t\t\t<div class=\"e-con-inner\">\n\t\t\t\t<div class=\"elementor-element elementor-element-55d3c582 elementor-widget elementor-widget-heading\" data-id=\"55d3c582\" data-element_type=\"widget\" data-widget_type=\"heading.default\">\n\t\t\t\t<div class=\"elementor-widget-container\">\n\t\t\t<h3 class=\"elementor-heading-title elementor-size-medium\">Fa\u00e7a uma Avalia\u00e7\u00e3o Gratuita<\/h3>\t\t<\/div>\n\t\t\t\t<\/div>\n\t\t\t\t<div class=\"elementor-element elementor-element-3bda2d56 elementor-mobile-align-center elementor-align-center elementor-widget elementor-widget-button\" data-id=\"3bda2d56\" data-element_type=\"widget\" data-settings=\"{&quot;ha_floating_fx&quot;:&quot;yes&quot;}\" data-widget_type=\"button.default\">\n\t\t\t\t<div class=\"elementor-widget-container\">\n\t\t\t\t\t<div class=\"elementor-button-wrapper\">\n\t\t\t<a class=\"elementor-button elementor-button-link elementor-size-xl\" href=\"https:\/\/api.whatsapp.com\/send?phone=554432462354&#038;text=Ol%C3%A1,%20vim%20pelo%20Google!\">\n\t\t\t\t\t\t<span class=\"elementor-button-content-wrapper\">\n\t\t\t\t\t\t<span class=\"elementor-button-text\">WhatsApp<\/span>\n\t\t<\/span>\n\t\t\t\t\t<\/a>\n\t\t<\/div>\n\t\t\t\t<\/div>\n\t\t\t\t<\/div>\n\t\t\t\t\t<\/div>\n\t\t\t\t<\/div>\n\t\t<div class=\"elementor-element elementor-element-32324f4 e-flex e-con-boxed e-con e-parent\" data-id=\"32324f4\" data-element_type=\"container\" data-settings=\"{&quot;content_width&quot;:&quot;boxed&quot;}\" data-core-v316-plus=\"true\">\n\t\t\t\t\t<div class=\"e-con-inner\">\n\t\t\t\t<div class=\"elementor-element elementor-element-ce83c28 elementor-widget elementor-widget-heading\" data-id=\"ce83c28\" data-element_type=\"widget\" data-widget_type=\"heading.default\">\n\t\t\t\t<div class=\"elementor-widget-container\">\n\t\t\t<h2 class=\"elementor-heading-title elementor-size-large\">Pr\u00f3tese Dent\u00e1ria<\/h2>\t\t<\/div>\n\t\t\t\t<\/div>\n\t\t\t\t<div class=\"elementor-element elementor-element-c79ca2d elementor-widget elementor-widget-text-editor\" data-id=\"c79ca2d\" data-element_type=\"widget\" data-widget_type=\"text-editor.default\">\n\t\t\t\t<div class=\"elementor-widget-container\">\n\t\t\t\t\t\t\t<p style=\"text-align: left;\">A pr\u00f3tese dent\u00e1ria \u00e9 uma solu\u00e7\u00e3o eficaz para quem perdeu dentes por c\u00e1rie, doen\u00e7as gengivais, traumas ou outras causas. Al\u00e9m de restaurar a est\u00e9tica, a mastiga\u00e7\u00e3o, a fala e a autoestima, tamb\u00e9m previne problemas como desalinhamento dent\u00e1rio e altera\u00e7\u00f5es na mordida e articula\u00e7\u00e3o temporomandibular.<\/p><p>\u00a0<\/p><p style=\"text-align: left;\">Existem diversos tipos de pr\u00f3teses:<\/p><p>\u00a0<\/p><p style=\"text-align: left;\"><span style=\"color: #000000;\"><strong>Fixas:<\/strong><\/span> Presas por cimenta\u00e7\u00e3o ou parafusos, feitas de materiais como porcelana ou zirc\u00f4nia, s\u00e3o confort\u00e1veis e naturais, mas requerem boa higiene e manuten\u00e7\u00e3o.<\/p><p>\u00a0<\/p><p style=\"text-align: left;\"><span style=\"color: #000000;\"><strong>Remov\u00edveis:<\/strong><\/span> F\u00e1ceis de retirar, como dentaduras ou roaches, s\u00e3o mais econ\u00f4micas, mas podem ser menos confort\u00e1veis.<\/p><p>\u00a0<\/p><p style=\"text-align: left;\"><span style=\"color: #000000;\"><strong>Sobre Implantes:<\/strong><\/span>\u00a0Oferecem seguran\u00e7a e durabilidade ao serem fixadas em pinos de tit\u00e2nio no osso, mas exigem planejamento e maior investimento.<\/p><p>\u00a0<\/p><p style=\"text-align: left;\">Embora as pr\u00f3teses melhorem significativamente a qualidade de vida, a preven\u00e7\u00e3o ainda \u00e9 a melhor solu\u00e7\u00e3o. Cuide da sa\u00fade bucal com escova\u00e7\u00e3o, uso do fio dental, alimenta\u00e7\u00e3o saud\u00e1vel e visitas regulares ao dentista.<\/p>\t\t\t\t\t\t<\/div>\n\t\t\t\t<\/div>\n\t\t\t\t\t<\/div>\n\t\t\t\t<\/div>\n\t\t\t\t\t\t\t<\/div>\n\t\t","protected":false},"excerpt":{"rendered":"<p>Pr\u00f3tese Confira alguns resultados de tratamentos realizados aqui em nossa Cl\u00ednica. Dona Judite Pr\u00f3tese Inferior (dentadura) caracterizada, feita com todo carinho e profissionalismo por nossa equipe. Agora, ela pode voltar a sorrir com confian\u00e7a e viver momentos cheios de alegria! Dona Neuza Dona Neuza teve seu sorriso de volta e agora sorri despreocupada. Aqui, cuidamos &hellip;<\/p>\n<p class=\"read-more\"> <a class=\"\" href=\"https:\/\/odontocompanymandacaru.com.br\/site\/protese\/\"> <span class=\"screen-reader-text\">Pr\u00f3tese<\/span> Leia mais &raquo;<\/a><\/p>\n","protected":false},"author":1,"featured_media":0,"parent":0,"menu_order":0,"comment_status":"closed","ping_status":"closed","template":"","meta":{"site-sidebar-layout":"no-sidebar","site-content-layout":"page-builder","ast-site-content-layout":"full-width-container","site-content-style":"default","site-sidebar-style":"default","ast-global-header-display":"","ast-banner-title-visibility":"","ast-main-header-display":"","ast-hfb-above-header-display":"","ast-hfb-below-header-display":"","ast-hfb-mobile-header-display":"","site-post-title":"disabled","ast-breadcrumbs-content":"","ast-featured-img":"disabled","footer-sml-layout":"","theme-transparent-header-meta":"","adv-header-id-meta":"","stick-header-meta":"","header-above-stick-meta":"","header-main-stick-meta":"","header-below-stick-meta":"","astra-migrate-meta-layouts":"set","ast-page-background-enabled":"default","ast-page-background-meta":{"desktop":{"background-color":"","background-image":"","background-repeat":"repeat","background-position":"center center","background-size":"auto","background-attachment":"scroll","background-type":"","background-media":"","overlay-type":"","overlay-color":"","overlay-gradient":""},"tablet":{"background-color":"","background-image":"","background-repeat":"repeat","background-position":"center center","background-size":"auto","background-attachment":"scroll","background-type":"","background-media":"","overlay-type":"","overlay-color":"","overlay-gradient":""},"mobile":{"background-color":"","background-image":"","background-repeat":"repeat","background-position":"center center","background-size":"auto","background-attachment":"scroll","background-type":"","background-media":"","overlay-type":"","overlay-color":"","overlay-gradient":""}},"ast-content-background-meta":{"desktop":{"background-color":"var(--ast-global-color-5)","background-image":"","background-repeat":"repeat","background-position":"center center","background-size":"auto","background-attachment":"scroll","background-type":"","background-media":"","overlay-type":"","overlay-color":"","overlay-gradient":""},"tablet":{"background-color":"var(--ast-global-color-5)","background-image":"","background-repeat":"repeat","background-position":"center center","background-size":"auto","background-attachment":"scroll","background-type":"","background-media":"","overlay-type":"","overlay-color":"","overlay-gradient":""},"mobile":{"background-color":"var(--ast-global-color-5)","background-image":"","background-repeat":"repeat","background-position":"center center","background-size":"auto","background-attachment":"scroll","background-type":"","background-media":"","overlay-type":"","overlay-color":"","overlay-gradient":""}},"footnotes":""},"class_list":["post-821","page","type-page","status-publish","hentry"],"_links":{"self":[{"href":"https:\/\/odontocompanymandacaru.com.br\/site\/wp-json\/wp\/v2\/pages\/821","targetHints":{"allow":["GET"]}}],"collection":[{"href":"https:\/\/odontocompanymandacaru.com.br\/site\/wp-json\/wp\/v2\/pages"}],"about":[{"href":"https:\/\/odontocompanymandacaru.com.br\/site\/wp-json\/wp\/v2\/types\/page"}],"author":[{"embeddable":true,"href":"https:\/\/odontocompanymandacaru.com.br\/site\/wp-json\/wp\/v2\/users\/1"}],"replies":[{"embeddable":true,"href":"https:\/\/odontocompanymandacaru.com.br\/site\/wp-json\/wp\/v2\/comments?post=821"}],"version-history":[{"count":77,"href":"https:\/\/odontocompanymandacaru.com.br\/site\/wp-json\/wp\/v2\/pages\/821\/revisions"}],"predecessor-version":[{"id":1506,"href":"https:\/\/odontocompanymandacaru.com.br\/site\/wp-json\/wp\/v2\/pages\/821\/revisions\/1506"}],"wp:attachment":[{"href":"https:\/\/odontocompanymandacaru.com.br\/site\/wp-json\/wp\/v2\/media?parent=821"}],"curies":[{"name":"wp","href":"https:\/\/api.w.org\/{rel}","templated":true}]}}