{"id":892,"date":"2023-09-28T19:36:20","date_gmt":"2023-09-28T22:36:20","guid":{"rendered":"https:\/\/odontocompanymandacaru.com.br\/\/?page_id=892"},"modified":"2025-02-20T14:56:31","modified_gmt":"2025-02-20T17:56:31","slug":"implante","status":"publish","type":"page","link":"https:\/\/odontocompanymandacaru.com.br\/site\/implante\/","title":{"rendered":"Implante"},"content":{"rendered":"\t\t<div data-elementor-type=\"wp-page\" data-elementor-id=\"892\" class=\"elementor elementor-892\">\n\t\t\t\t\t\t\t<div class=\"elementor-element elementor-element-7847d9d e-flex e-con-boxed e-con e-parent\" data-id=\"7847d9d\" data-element_type=\"container\" data-settings=\"{&quot;background_background&quot;:&quot;classic&quot;,&quot;content_width&quot;:&quot;boxed&quot;}\" data-core-v316-plus=\"true\">\n\t\t\t\t\t<div class=\"e-con-inner\">\n\t\t\t\t<div class=\"elementor-element elementor-element-de6e26f elementor-widget elementor-widget-heading\" data-id=\"de6e26f\" data-element_type=\"widget\" data-widget_type=\"heading.default\">\n\t\t\t\t<div class=\"elementor-widget-container\">\n\t\t\t<style>\/*! elementor - v3.17.0 - 08-11-2023 *\/\n.elementor-heading-title{padding:0;margin:0;line-height:1}.elementor-widget-heading .elementor-heading-title[class*=elementor-size-]>a{color:inherit;font-size:inherit;line-height:inherit}.elementor-widget-heading .elementor-heading-title.elementor-size-small{font-size:15px}.elementor-widget-heading .elementor-heading-title.elementor-size-medium{font-size:19px}.elementor-widget-heading .elementor-heading-title.elementor-size-large{font-size:29px}.elementor-widget-heading .elementor-heading-title.elementor-size-xl{font-size:39px}.elementor-widget-heading .elementor-heading-title.elementor-size-xxl{font-size:59px}<\/style><h2 class=\"elementor-heading-title elementor-size-default\">Implante<\/h2>\t\t<\/div>\n\t\t\t\t<\/div>\n\t\t\t\t\t<\/div>\n\t\t\t\t<\/div>\n\t\t<div class=\"elementor-element elementor-element-1aa294e7 e-flex e-con-boxed e-con e-parent\" data-id=\"1aa294e7\" data-element_type=\"container\" data-settings=\"{&quot;background_background&quot;:&quot;classic&quot;,&quot;content_width&quot;:&quot;boxed&quot;}\" data-core-v316-plus=\"true\">\n\t\t\t\t\t<div class=\"e-con-inner\">\n\t\t<div class=\"elementor-element elementor-element-369ba10e e-con-full e-flex e-con e-child\" data-id=\"369ba10e\" data-element_type=\"container\" data-settings=\"{&quot;content_width&quot;:&quot;full&quot;}\">\n\t\t\t\t<div class=\"elementor-element elementor-element-aa6726c elementor-widget elementor-widget-image\" data-id=\"aa6726c\" data-element_type=\"widget\" data-widget_type=\"image.default\">\n\t\t\t\t<div class=\"elementor-widget-container\">\n\t\t\t<style>\/*! elementor - v3.17.0 - 08-11-2023 *\/\n.elementor-widget-image{text-align:center}.elementor-widget-image a{display:inline-block}.elementor-widget-image a img[src$=\".svg\"]{width:48px}.elementor-widget-image img{vertical-align:middle;display:inline-block}<\/style>\t\t\t\t\t\t\t\t\t\t\t\t<img loading=\"lazy\" decoding=\"async\" width=\"1024\" height=\"1024\" src=\"https:\/\/odontocompanymandacaru.com.br\/site\/wp-content\/uploads\/2024\/11\/ODC_03-1-1024x1024.png\" class=\"attachment-large size-large wp-image-1222\" alt=\"\" srcset=\"https:\/\/odontocompanymandacaru.com.br\/site\/wp-content\/uploads\/2024\/11\/ODC_03-1-1024x1024.png 1024w, https:\/\/odontocompanymandacaru.com.br\/site\/wp-content\/uploads\/2024\/11\/ODC_03-1-300x300.png 300w, https:\/\/odontocompanymandacaru.com.br\/site\/wp-content\/uploads\/2024\/11\/ODC_03-1-150x150.png 150w, https:\/\/odontocompanymandacaru.com.br\/site\/wp-content\/uploads\/2024\/11\/ODC_03-1-768x768.png 768w, https:\/\/odontocompanymandacaru.com.br\/site\/wp-content\/uploads\/2024\/11\/ODC_03-1.png 1080w\" sizes=\"auto, (max-width: 1024px) 100vw, 1024px\" \/>\t\t\t\t\t\t\t\t\t\t\t\t\t\t\t<\/div>\n\t\t\t\t<\/div>\n\t\t\t\t<\/div>\n\t\t<div class=\"elementor-element elementor-element-7f618908 e-con-full e-flex e-con e-child\" data-id=\"7f618908\" data-element_type=\"container\" data-settings=\"{&quot;content_width&quot;:&quot;full&quot;}\">\n\t\t\t\t<div class=\"elementor-element elementor-element-7b7fb034 elementor-widget elementor-widget-heading\" data-id=\"7b7fb034\" data-element_type=\"widget\" data-widget_type=\"heading.default\">\n\t\t\t\t<div class=\"elementor-widget-container\">\n\t\t\t<h1 class=\"elementor-heading-title elementor-size-small\">Permita-se sorrir novamente! <\/h1>\t\t<\/div>\n\t\t\t\t<\/div>\n\t\t\t\t<div class=\"elementor-element elementor-element-63bc68bb elementor-widget elementor-widget-text-editor\" data-id=\"63bc68bb\" data-element_type=\"widget\" data-widget_type=\"text-editor.default\">\n\t\t\t\t<div class=\"elementor-widget-container\">\n\t\t\t<style>\/*! elementor - v3.17.0 - 08-11-2023 *\/\n.elementor-widget-text-editor.elementor-drop-cap-view-stacked .elementor-drop-cap{background-color:#69727d;color:#fff}.elementor-widget-text-editor.elementor-drop-cap-view-framed .elementor-drop-cap{color:#69727d;border:3px solid;background-color:transparent}.elementor-widget-text-editor:not(.elementor-drop-cap-view-default) .elementor-drop-cap{margin-top:8px}.elementor-widget-text-editor:not(.elementor-drop-cap-view-default) .elementor-drop-cap-letter{width:1em;height:1em}.elementor-widget-text-editor .elementor-drop-cap{float:left;text-align:center;line-height:1;font-size:50px}.elementor-widget-text-editor .elementor-drop-cap-letter{display:inline-block}<\/style>\t\t\t\t<p>Implante Dent\u00e1rio<\/p>\t\t\t\t\t\t<\/div>\n\t\t\t\t<\/div>\n\t\t\t\t<\/div>\n\t\t\t\t\t<\/div>\n\t\t\t\t<\/div>\n\t\t<div class=\"elementor-element elementor-element-79e7cb49 e-flex e-con-boxed e-con e-parent\" data-id=\"79e7cb49\" data-element_type=\"container\" data-settings=\"{&quot;background_background&quot;:&quot;classic&quot;,&quot;content_width&quot;:&quot;boxed&quot;}\" data-core-v316-plus=\"true\">\n\t\t\t\t\t<div class=\"e-con-inner\">\n\t\t<div class=\"elementor-element elementor-element-36b886dd e-con-full e-flex e-con e-child\" data-id=\"36b886dd\" data-element_type=\"container\" data-settings=\"{&quot;content_width&quot;:&quot;full&quot;}\">\n\t\t\t\t<div class=\"elementor-element elementor-element-71ab8951 elementor-widget elementor-widget-heading\" data-id=\"71ab8951\" data-element_type=\"widget\" data-widget_type=\"heading.default\">\n\t\t\t\t<div class=\"elementor-widget-container\">\n\t\t\t<h2 class=\"elementor-heading-title elementor-size-default\">Mas o que s\u00e3o os implantes dent\u00e1rios?<\/h2>\t\t<\/div>\n\t\t\t\t<\/div>\n\t\t\t\t<div class=\"elementor-element elementor-element-3e7f690 elementor-widget elementor-widget-text-editor\" data-id=\"3e7f690\" data-element_type=\"widget\" data-widget_type=\"text-editor.default\">\n\t\t\t\t<div class=\"elementor-widget-container\">\n\t\t\t\t\t\t\t<p>Os implantes dent\u00e1rios s\u00e3o estruturas de metal (normalmente de tit\u00e2nio) que s\u00e3o colocadas cirurgicamente no osso maxilar ou mandibular, abaixo da gengiva, para substituir as ra\u00edzes dos dentes naturais. Sobre essas estruturas, <strong>s\u00e3o fixadas as pr\u00f3teses dent\u00e1rias,<\/strong> que podem ser de resina ou de porcelana, e que imitam os dentes em forma, cor e fun\u00e7\u00e3o.<\/p>\t\t\t\t\t\t<\/div>\n\t\t\t\t<\/div>\n\t\t\t\t<\/div>\n\t\t<div class=\"elementor-element elementor-element-720db9e6 e-con-full e-flex e-con e-child\" data-id=\"720db9e6\" data-element_type=\"container\" data-settings=\"{&quot;content_width&quot;:&quot;full&quot;}\">\n\t\t\t\t<div class=\"elementor-element elementor-element-11a6206 elementor-widget elementor-widget-image\" data-id=\"11a6206\" data-element_type=\"widget\" data-widget_type=\"image.default\">\n\t\t\t\t<div class=\"elementor-widget-container\">\n\t\t\t\t\t\t\t\t\t\t\t\t\t\t\t<img loading=\"lazy\" decoding=\"async\" width=\"1024\" height=\"576\" src=\"https:\/\/odontocompanymandacaru.com.br\/site\/wp-content\/uploads\/2023\/09\/implante-01-1-1024x576.jpg\" class=\"attachment-large size-large wp-image-953\" alt=\"\" srcset=\"https:\/\/odontocompanymandacaru.com.br\/site\/wp-content\/uploads\/2023\/09\/implante-01-1-1024x576.jpg 1024w, https:\/\/odontocompanymandacaru.com.br\/site\/wp-content\/uploads\/2023\/09\/implante-01-1-300x169.jpg 300w, https:\/\/odontocompanymandacaru.com.br\/site\/wp-content\/uploads\/2023\/09\/implante-01-1-768x432.jpg 768w, https:\/\/odontocompanymandacaru.com.br\/site\/wp-content\/uploads\/2023\/09\/implante-01-1-1536x864.jpg 1536w, https:\/\/odontocompanymandacaru.com.br\/site\/wp-content\/uploads\/2023\/09\/implante-01-1.jpg 1920w\" sizes=\"auto, (max-width: 1024px) 100vw, 1024px\" \/>\t\t\t\t\t\t\t\t\t\t\t\t\t\t\t<\/div>\n\t\t\t\t<\/div>\n\t\t\t\t<\/div>\n\t\t\t\t\t<\/div>\n\t\t\t\t<\/div>\n\t\t<div class=\"elementor-element elementor-element-2fee5b40 e-flex e-con-boxed e-con e-parent\" data-id=\"2fee5b40\" data-element_type=\"container\" data-settings=\"{&quot;background_background&quot;:&quot;classic&quot;,&quot;content_width&quot;:&quot;boxed&quot;}\" data-core-v316-plus=\"true\">\n\t\t\t\t\t<div class=\"e-con-inner\">\n\t\t<div class=\"elementor-element elementor-element-667a73fd e-con-full e-flex e-con e-child\" data-id=\"667a73fd\" data-element_type=\"container\" data-settings=\"{&quot;content_width&quot;:&quot;full&quot;}\">\n\t\t\t\t<div class=\"elementor-element elementor-element-60af86f7 elementor-widget elementor-widget-heading\" data-id=\"60af86f7\" data-element_type=\"widget\" data-widget_type=\"heading.default\">\n\t\t\t\t<div class=\"elementor-widget-container\">\n\t\t\t<h2 class=\"elementor-heading-title elementor-size-default\">Como funcionam os implantes dent\u00e1rios?<\/h2>\t\t<\/div>\n\t\t\t\t<\/div>\n\t\t\t\t<div class=\"elementor-element elementor-element-3f738532 elementor-widget elementor-widget-text-editor\" data-id=\"3f738532\" data-element_type=\"widget\" data-widget_type=\"text-editor.default\">\n\t\t\t\t<div class=\"elementor-widget-container\">\n\t\t\t\t\t\t\t<div class=\"dnXCYb\" tabindex=\"0\" role=\"button\" aria-controls=\"_YvoVZdiMCO7N1sQPy4uMsAo_34\" aria-expanded=\"true\" data-hveid=\"CCcQAQ\">Os implantes dent\u00e1rios funcionam como uma esp\u00e9cie de parafuso que \u00e9 rosqueado no osso, criando uma conex\u00e3o s\u00f3lida e duradoura. Essa conex\u00e3o \u00e9 chamada de osseointegra\u00e7\u00e3o.<\/div><div tabindex=\"0\" role=\"button\" aria-controls=\"_YvoVZdiMCO7N1sQPy4uMsAo_34\" aria-expanded=\"true\" data-hveid=\"CCcQAQ\">E \u00e9 o que garante que o implante n\u00e3o se solte ou se mova com o tempo.<\/div>\t\t\t\t\t\t<\/div>\n\t\t\t\t<\/div>\n\t\t\t\t<\/div>\n\t\t<div class=\"elementor-element elementor-element-10ff0736 e-con-full e-flex e-con e-child\" data-id=\"10ff0736\" data-element_type=\"container\" data-settings=\"{&quot;content_width&quot;:&quot;full&quot;}\">\n\t\t\t\t<div class=\"elementor-element elementor-element-17384a95 elementor-widget elementor-widget-image\" data-id=\"17384a95\" data-element_type=\"widget\" data-widget_type=\"image.default\">\n\t\t\t\t<div class=\"elementor-widget-container\">\n\t\t\t\t\t\t\t\t\t\t\t\t\t\t\t<img loading=\"lazy\" decoding=\"async\" width=\"1024\" height=\"766\" src=\"https:\/\/odontocompanymandacaru.com.br\/site\/wp-content\/uploads\/2024\/11\/333-1024x766.png\" class=\"attachment-large size-large wp-image-1369\" alt=\"\" srcset=\"https:\/\/odontocompanymandacaru.com.br\/site\/wp-content\/uploads\/2024\/11\/333-1024x766.png 1024w, https:\/\/odontocompanymandacaru.com.br\/site\/wp-content\/uploads\/2024\/11\/333-300x225.png 300w, https:\/\/odontocompanymandacaru.com.br\/site\/wp-content\/uploads\/2024\/11\/333-768x575.png 768w, https:\/\/odontocompanymandacaru.com.br\/site\/wp-content\/uploads\/2024\/11\/333.png 1073w\" sizes=\"auto, (max-width: 1024px) 100vw, 1024px\" \/>\t\t\t\t\t\t\t\t\t\t\t\t\t\t\t<\/div>\n\t\t\t\t<\/div>\n\t\t\t\t<\/div>\n\t\t\t\t\t<\/div>\n\t\t\t\t<\/div>\n\t\t<div class=\"elementor-element elementor-element-4962542 e-flex e-con-boxed e-con e-parent\" data-id=\"4962542\" data-element_type=\"container\" data-settings=\"{&quot;background_background&quot;:&quot;classic&quot;,&quot;content_width&quot;:&quot;boxed&quot;}\" data-core-v316-plus=\"true\">\n\t\t\t\t\t<div class=\"e-con-inner\">\n\t\t<div class=\"elementor-element elementor-element-4b79bf9d e-con-full e-flex e-con e-child\" data-id=\"4b79bf9d\" data-element_type=\"container\" data-settings=\"{&quot;content_width&quot;:&quot;full&quot;}\">\n\t\t\t\t<div class=\"elementor-element elementor-element-4b997181 elementor-widget elementor-widget-heading\" data-id=\"4b997181\" data-element_type=\"widget\" data-widget_type=\"heading.default\">\n\t\t\t\t<div class=\"elementor-widget-container\">\n\t\t\t<h2 class=\"elementor-heading-title elementor-size-default\">Quais s\u00e3o os benef\u00edcios dos implantes dent\u00e1rios?<\/h2>\t\t<\/div>\n\t\t\t\t<\/div>\n\t\t\t\t<div class=\"elementor-element elementor-element-100e0a72 elementor-widget elementor-widget-text-editor\" data-id=\"100e0a72\" data-element_type=\"widget\" data-widget_type=\"text-editor.default\">\n\t\t\t\t<div class=\"elementor-widget-container\">\n\t\t\t\t\t\t\t<div class=\"dnXCYb\" tabindex=\"0\" role=\"button\" aria-controls=\"_mvsVZbmJMMLW1sQPrKyH4Ao_36\" aria-expanded=\"true\" data-hveid=\"CCsQAQ\">&#8211; Melhoram a est\u00e9tica do sorriso<\/div><div tabindex=\"0\" role=\"button\" aria-controls=\"_mvsVZbmJMMLW1sQPrKyH4Ao_36\" aria-expanded=\"true\" data-hveid=\"CCsQAQ\">&#8211; Melhoram a fun\u00e7\u00e3o mastigat\u00f3ria<\/div><div tabindex=\"0\" role=\"button\" aria-controls=\"_mvsVZbmJMMLW1sQPrKyH4Ao_36\" aria-expanded=\"true\" data-hveid=\"CCsQAQ\">&#8211; Melhoram a fala<\/div><div tabindex=\"0\" role=\"button\" aria-controls=\"_mvsVZbmJMMLW1sQPrKyH4Ao_36\" aria-expanded=\"true\" data-hveid=\"CCsQAQ\">&#8211; Melhoram a sa\u00fade bucal<\/div><div tabindex=\"0\" role=\"button\" aria-controls=\"_mvsVZbmJMMLW1sQPrKyH4Ao_36\" aria-expanded=\"true\" data-hveid=\"CCsQAQ\">&#8211; Melhoram a qualidade de vida<\/div><div tabindex=\"0\" role=\"button\" aria-controls=\"_mvsVZbmJMMLW1sQPrKyH4Ao_36\" aria-expanded=\"true\" data-hveid=\"CCsQAQ\">\u00a0<\/div>\t\t\t\t\t\t<\/div>\n\t\t\t\t<\/div>\n\t\t\t\t<\/div>\n\t\t<div class=\"elementor-element elementor-element-6678d2b5 e-con-full e-flex e-con e-child\" data-id=\"6678d2b5\" data-element_type=\"container\" data-settings=\"{&quot;content_width&quot;:&quot;full&quot;}\">\n\t\t\t\t<div class=\"elementor-element elementor-element-61c9c7d elementor-widget elementor-widget-image\" data-id=\"61c9c7d\" data-element_type=\"widget\" data-widget_type=\"image.default\">\n\t\t\t\t<div class=\"elementor-widget-container\">\n\t\t\t\t\t\t\t\t\t\t\t\t\t\t\t<img loading=\"lazy\" decoding=\"async\" width=\"1024\" height=\"1024\" src=\"https:\/\/odontocompanymandacaru.com.br\/site\/wp-content\/uploads\/2024\/11\/555-1024x1024.png\" class=\"attachment-large size-large wp-image-1370\" alt=\"\" srcset=\"https:\/\/odontocompanymandacaru.com.br\/site\/wp-content\/uploads\/2024\/11\/555-1024x1024.png 1024w, https:\/\/odontocompanymandacaru.com.br\/site\/wp-content\/uploads\/2024\/11\/555-300x300.png 300w, https:\/\/odontocompanymandacaru.com.br\/site\/wp-content\/uploads\/2024\/11\/555-150x150.png 150w, https:\/\/odontocompanymandacaru.com.br\/site\/wp-content\/uploads\/2024\/11\/555-768x768.png 768w, https:\/\/odontocompanymandacaru.com.br\/site\/wp-content\/uploads\/2024\/11\/555.png 1080w\" sizes=\"auto, (max-width: 1024px) 100vw, 1024px\" \/>\t\t\t\t\t\t\t\t\t\t\t\t\t\t\t<\/div>\n\t\t\t\t<\/div>\n\t\t\t\t<\/div>\n\t\t\t\t\t<\/div>\n\t\t\t\t<\/div>\n\t\t<div class=\"elementor-element elementor-element-6d397e77 e-flex e-con-boxed e-con e-parent\" data-id=\"6d397e77\" data-element_type=\"container\" data-settings=\"{&quot;background_background&quot;:&quot;classic&quot;,&quot;content_width&quot;:&quot;boxed&quot;}\" data-core-v316-plus=\"true\">\n\t\t\t\t\t<div class=\"e-con-inner\">\n\t\t\t\t<div class=\"elementor-element elementor-element-55d3c582 elementor-widget elementor-widget-heading\" data-id=\"55d3c582\" data-element_type=\"widget\" data-widget_type=\"heading.default\">\n\t\t\t\t<div class=\"elementor-widget-container\">\n\t\t\t<h3 class=\"elementor-heading-title elementor-size-default\">Fa\u00e7a uma Avalia\u00e7\u00e3o Gratuita<\/h3>\t\t<\/div>\n\t\t\t\t<\/div>\n\t\t\t\t<div class=\"elementor-element elementor-element-3bda2d56 elementor-mobile-align-center elementor-align-center elementor-widget elementor-widget-button\" data-id=\"3bda2d56\" data-element_type=\"widget\" data-settings=\"{&quot;ha_floating_fx&quot;:&quot;yes&quot;}\" data-widget_type=\"button.default\">\n\t\t\t\t<div class=\"elementor-widget-container\">\n\t\t\t\t\t<div class=\"elementor-button-wrapper\">\n\t\t\t<a class=\"elementor-button elementor-button-link elementor-size-md\" href=\"https:\/\/api.whatsapp.com\/send?phone=554432462354&#038;text=Ol%C3%A1,%20vim%20pelo%20Google!\">\n\t\t\t\t\t\t<span class=\"elementor-button-content-wrapper\">\n\t\t\t\t\t\t<span class=\"elementor-button-text\">WhatsApp<\/span>\n\t\t<\/span>\n\t\t\t\t\t<\/a>\n\t\t<\/div>\n\t\t\t\t<\/div>\n\t\t\t\t<\/div>\n\t\t\t\t\t<\/div>\n\t\t\t\t<\/div>\n\t\t\t\t\t\t\t<\/div>\n\t\t","protected":false},"excerpt":{"rendered":"<p>Implante Permita-se sorrir novamente! Implante Dent\u00e1rio Mas o que s\u00e3o os implantes dent\u00e1rios? Os implantes dent\u00e1rios s\u00e3o estruturas de metal (normalmente de tit\u00e2nio) que s\u00e3o colocadas cirurgicamente no osso maxilar ou mandibular, abaixo da gengiva, para substituir as ra\u00edzes dos dentes naturais. Sobre essas estruturas, s\u00e3o fixadas as pr\u00f3teses dent\u00e1rias, que podem ser de resina &hellip;<\/p>\n<p class=\"read-more\"> <a class=\"\" href=\"https:\/\/odontocompanymandacaru.com.br\/site\/implante\/\"> <span class=\"screen-reader-text\">Implante<\/span> Leia mais &raquo;<\/a><\/p>\n","protected":false},"author":1,"featured_media":0,"parent":0,"menu_order":0,"comment_status":"closed","ping_status":"closed","template":"","meta":{"site-sidebar-layout":"no-sidebar","site-content-layout":"page-builder","ast-site-content-layout":"full-width-container","site-content-style":"default","site-sidebar-style":"default","ast-global-header-display":"","ast-banner-title-visibility":"","ast-main-header-display":"","ast-hfb-above-header-display":"","ast-hfb-below-header-display":"","ast-hfb-mobile-header-display":"","site-post-title":"disabled","ast-breadcrumbs-content":"","ast-featured-img":"disabled","footer-sml-layout":"","theme-transparent-header-meta":"","adv-header-id-meta":"","stick-header-meta":"","header-above-stick-meta":"","header-main-stick-meta":"","header-below-stick-meta":"","astra-migrate-meta-layouts":"set","ast-page-background-enabled":"default","ast-page-background-meta":{"desktop":{"background-color":"","background-image":"","background-repeat":"repeat","background-position":"center center","background-size":"auto","background-attachment":"scroll","background-type":"","background-media":"","overlay-type":"","overlay-color":"","overlay-gradient":""},"tablet":{"background-color":"","background-image":"","background-repeat":"repeat","background-position":"center center","background-size":"auto","background-attachment":"scroll","background-type":"","background-media":"","overlay-type":"","overlay-color":"","overlay-gradient":""},"mobile":{"background-color":"","background-image":"","background-repeat":"repeat","background-position":"center center","background-size":"auto","background-attachment":"scroll","background-type":"","background-media":"","overlay-type":"","overlay-color":"","overlay-gradient":""}},"ast-content-background-meta":{"desktop":{"background-color":"var(--ast-global-color-5)","background-image":"","background-repeat":"repeat","background-position":"center center","background-size":"auto","background-attachment":"scroll","background-type":"","background-media":"","overlay-type":"","overlay-color":"","overlay-gradient":""},"tablet":{"background-color":"var(--ast-global-color-5)","background-image":"","background-repeat":"repeat","background-position":"center center","background-size":"auto","background-attachment":"scroll","background-type":"","background-media":"","overlay-type":"","overlay-color":"","overlay-gradient":""},"mobile":{"background-color":"var(--ast-global-color-5)","background-image":"","background-repeat":"repeat","background-position":"center center","background-size":"auto","background-attachment":"scroll","background-type":"","background-media":"","overlay-type":"","overlay-color":"","overlay-gradient":""}},"footnotes":""},"class_list":["post-892","page","type-page","status-publish","hentry"],"_links":{"self":[{"href":"https:\/\/odontocompanymandacaru.com.br\/site\/wp-json\/wp\/v2\/pages\/892","targetHints":{"allow":["GET"]}}],"collection":[{"href":"https:\/\/odontocompanymandacaru.com.br\/site\/wp-json\/wp\/v2\/pages"}],"about":[{"href":"https:\/\/odontocompanymandacaru.com.br\/site\/wp-json\/wp\/v2\/types\/page"}],"author":[{"embeddable":true,"href":"https:\/\/odontocompanymandacaru.com.br\/site\/wp-json\/wp\/v2\/users\/1"}],"replies":[{"embeddable":true,"href":"https:\/\/odontocompanymandacaru.com.br\/site\/wp-json\/wp\/v2\/comments?post=892"}],"version-history":[{"count":59,"href":"https:\/\/odontocompanymandacaru.com.br\/site\/wp-json\/wp\/v2\/pages\/892\/revisions"}],"predecessor-version":[{"id":1509,"href":"https:\/\/odontocompanymandacaru.com.br\/site\/wp-json\/wp\/v2\/pages\/892\/revisions\/1509"}],"wp:attachment":[{"href":"https:\/\/odontocompanymandacaru.com.br\/site\/wp-json\/wp\/v2\/media?parent=892"}],"curies":[{"name":"wp","href":"https:\/\/api.w.org\/{rel}","templated":true}]}}