{"id":979,"date":"2023-09-29T10:30:51","date_gmt":"2023-09-29T13:30:51","guid":{"rendered":"https:\/\/odontocompanymandacaru.com.br\/\/?page_id=979"},"modified":"2025-02-20T15:13:21","modified_gmt":"2025-02-20T18:13:21","slug":"sobre","status":"publish","type":"page","link":"https:\/\/odontocompanymandacaru.com.br\/site\/sobre\/","title":{"rendered":"Sobre"},"content":{"rendered":"\t\t<div data-elementor-type=\"wp-page\" data-elementor-id=\"979\" class=\"elementor elementor-979\">\n\t\t\t\t\t\t\t<div class=\"elementor-element elementor-element-5280f6af e-flex e-con-boxed e-con e-parent\" data-id=\"5280f6af\" data-element_type=\"container\" data-settings=\"{&quot;background_background&quot;:&quot;classic&quot;,&quot;content_width&quot;:&quot;boxed&quot;}\" data-core-v316-plus=\"true\">\n\t\t\t\t\t<div class=\"e-con-inner\">\n\t\t\t\t<div class=\"elementor-element elementor-element-65e4a912 elementor-widget elementor-widget-heading\" data-id=\"65e4a912\" data-element_type=\"widget\" data-widget_type=\"heading.default\">\n\t\t\t\t<div class=\"elementor-widget-container\">\n\t\t\t<style>\/*! elementor - v3.17.0 - 08-11-2023 *\/\n.elementor-heading-title{padding:0;margin:0;line-height:1}.elementor-widget-heading .elementor-heading-title[class*=elementor-size-]>a{color:inherit;font-size:inherit;line-height:inherit}.elementor-widget-heading .elementor-heading-title.elementor-size-small{font-size:15px}.elementor-widget-heading .elementor-heading-title.elementor-size-medium{font-size:19px}.elementor-widget-heading .elementor-heading-title.elementor-size-large{font-size:29px}.elementor-widget-heading .elementor-heading-title.elementor-size-xl{font-size:39px}.elementor-widget-heading .elementor-heading-title.elementor-size-xxl{font-size:59px}<\/style><h2 class=\"elementor-heading-title elementor-size-default\">Quem Somos<\/h2>\t\t<\/div>\n\t\t\t\t<\/div>\n\t\t\t\t\t<\/div>\n\t\t\t\t<\/div>\n\t\t\t\t<section class=\"elementor-section elementor-top-section elementor-element elementor-element-1a1556b1 elementor-section-boxed elementor-section-height-default elementor-section-height-default\" data-id=\"1a1556b1\" data-element_type=\"section\" id=\"about\" data-settings=\"{&quot;background_background&quot;:&quot;classic&quot;,&quot;_ha_eqh_enable&quot;:false}\">\n\t\t\t\t\t\t<div class=\"elementor-container elementor-column-gap-default\">\n\t\t\t\t\t<div class=\"elementor-column elementor-col-50 elementor-top-column elementor-element elementor-element-467129b4\" data-id=\"467129b4\" data-element_type=\"column\" data-settings=\"{&quot;background_background&quot;:&quot;classic&quot;}\">\n\t\t\t<div class=\"elementor-widget-wrap elementor-element-populated\">\n\t\t\t\t\t<div class=\"elementor-background-overlay\"><\/div>\n\t\t\t\t\t\t\t\t<div class=\"elementor-element elementor-element-7f3e4949 elementor-widget elementor-widget-image\" data-id=\"7f3e4949\" data-element_type=\"widget\" data-widget_type=\"image.default\">\n\t\t\t\t<div class=\"elementor-widget-container\">\n\t\t\t<style>\/*! elementor - v3.17.0 - 08-11-2023 *\/\n.elementor-widget-image{text-align:center}.elementor-widget-image a{display:inline-block}.elementor-widget-image a img[src$=\".svg\"]{width:48px}.elementor-widget-image img{vertical-align:middle;display:inline-block}<\/style>\t\t\t\t\t\t\t\t\t\t\t\t<img loading=\"lazy\" decoding=\"async\" width=\"500\" height=\"600\" src=\"https:\/\/odontocompanymandacaru.com.br\/site\/wp-content\/uploads\/2024\/10\/3.png\" class=\"attachment-large size-large wp-image-1171\" alt=\"\" srcset=\"https:\/\/odontocompanymandacaru.com.br\/site\/wp-content\/uploads\/2024\/10\/3.png 500w, https:\/\/odontocompanymandacaru.com.br\/site\/wp-content\/uploads\/2024\/10\/3-250x300.png 250w\" sizes=\"auto, (max-width: 500px) 100vw, 500px\" \/>\t\t\t\t\t\t\t\t\t\t\t\t\t\t\t<\/div>\n\t\t\t\t<\/div>\n\t\t\t\t<div class=\"elementor-element elementor-element-1341b65e elementor-widget elementor-widget-image\" data-id=\"1341b65e\" data-element_type=\"widget\" data-widget_type=\"image.default\">\n\t\t\t\t<div class=\"elementor-widget-container\">\n\t\t\t\t\t\t\t\t\t\t\t\t\t\t\t<img loading=\"lazy\" decoding=\"async\" width=\"400\" height=\"600\" src=\"https:\/\/odontocompanymandacaru.com.br\/site\/wp-content\/uploads\/2024\/10\/2.png\" class=\"attachment-full size-full wp-image-1161\" alt=\"\" srcset=\"https:\/\/odontocompanymandacaru.com.br\/site\/wp-content\/uploads\/2024\/10\/2.png 400w, https:\/\/odontocompanymandacaru.com.br\/site\/wp-content\/uploads\/2024\/10\/2-200x300.png 200w\" sizes=\"auto, (max-width: 400px) 100vw, 400px\" \/>\t\t\t\t\t\t\t\t\t\t\t\t\t\t\t<\/div>\n\t\t\t\t<\/div>\n\t\t\t\t\t<\/div>\n\t\t<\/div>\n\t\t\t\t<div class=\"elementor-column elementor-col-50 elementor-top-column elementor-element elementor-element-711c9e5d\" data-id=\"711c9e5d\" data-element_type=\"column\">\n\t\t\t<div class=\"elementor-widget-wrap elementor-element-populated\">\n\t\t\t\t\t\t\t\t<div class=\"elementor-element elementor-element-66a96eef elementor-widget elementor-widget-heading\" data-id=\"66a96eef\" data-element_type=\"widget\" data-widget_type=\"heading.default\">\n\t\t\t\t<div class=\"elementor-widget-container\">\n\t\t\t<h2 class=\"elementor-heading-title elementor-size-large\">A OdontoCompany \u00e9 uma das maiores Franquias Odontol\u00f3gicas do Brasil.<\/h2>\t\t<\/div>\n\t\t\t\t<\/div>\n\t\t\t\t<div class=\"elementor-element elementor-element-5e53cddd elementor-widget-divider--view-line elementor-widget elementor-widget-divider\" data-id=\"5e53cddd\" data-element_type=\"widget\" data-widget_type=\"divider.default\">\n\t\t\t\t<div class=\"elementor-widget-container\">\n\t\t\t<style>\/*! elementor - v3.17.0 - 08-11-2023 *\/\n.elementor-widget-divider{--divider-border-style:none;--divider-border-width:1px;--divider-color:#0c0d0e;--divider-icon-size:20px;--divider-element-spacing:10px;--divider-pattern-height:24px;--divider-pattern-size:20px;--divider-pattern-url:none;--divider-pattern-repeat:repeat-x}.elementor-widget-divider .elementor-divider{display:flex}.elementor-widget-divider .elementor-divider__text{font-size:15px;line-height:1;max-width:95%}.elementor-widget-divider .elementor-divider__element{margin:0 var(--divider-element-spacing);flex-shrink:0}.elementor-widget-divider .elementor-icon{font-size:var(--divider-icon-size)}.elementor-widget-divider .elementor-divider-separator{display:flex;margin:0;direction:ltr}.elementor-widget-divider--view-line_icon .elementor-divider-separator,.elementor-widget-divider--view-line_text .elementor-divider-separator{align-items:center}.elementor-widget-divider--view-line_icon .elementor-divider-separator:after,.elementor-widget-divider--view-line_icon .elementor-divider-separator:before,.elementor-widget-divider--view-line_text .elementor-divider-separator:after,.elementor-widget-divider--view-line_text .elementor-divider-separator:before{display:block;content:\"\";border-bottom:0;flex-grow:1;border-top:var(--divider-border-width) var(--divider-border-style) var(--divider-color)}.elementor-widget-divider--element-align-left .elementor-divider .elementor-divider-separator>.elementor-divider__svg:first-of-type{flex-grow:0;flex-shrink:100}.elementor-widget-divider--element-align-left .elementor-divider-separator:before{content:none}.elementor-widget-divider--element-align-left .elementor-divider__element{margin-left:0}.elementor-widget-divider--element-align-right .elementor-divider .elementor-divider-separator>.elementor-divider__svg:last-of-type{flex-grow:0;flex-shrink:100}.elementor-widget-divider--element-align-right .elementor-divider-separator:after{content:none}.elementor-widget-divider--element-align-right .elementor-divider__element{margin-right:0}.elementor-widget-divider:not(.elementor-widget-divider--view-line_text):not(.elementor-widget-divider--view-line_icon) .elementor-divider-separator{border-top:var(--divider-border-width) var(--divider-border-style) var(--divider-color)}.elementor-widget-divider--separator-type-pattern{--divider-border-style:none}.elementor-widget-divider--separator-type-pattern.elementor-widget-divider--view-line .elementor-divider-separator,.elementor-widget-divider--separator-type-pattern:not(.elementor-widget-divider--view-line) .elementor-divider-separator:after,.elementor-widget-divider--separator-type-pattern:not(.elementor-widget-divider--view-line) .elementor-divider-separator:before,.elementor-widget-divider--separator-type-pattern:not([class*=elementor-widget-divider--view]) .elementor-divider-separator{width:100%;min-height:var(--divider-pattern-height);-webkit-mask-size:var(--divider-pattern-size) 100%;mask-size:var(--divider-pattern-size) 100%;-webkit-mask-repeat:var(--divider-pattern-repeat);mask-repeat:var(--divider-pattern-repeat);background-color:var(--divider-color);-webkit-mask-image:var(--divider-pattern-url);mask-image:var(--divider-pattern-url)}.elementor-widget-divider--no-spacing{--divider-pattern-size:auto}.elementor-widget-divider--bg-round{--divider-pattern-repeat:round}.rtl .elementor-widget-divider .elementor-divider__text{direction:rtl}.e-con-inner>.elementor-widget-divider,.e-con>.elementor-widget-divider{width:var(--container-widget-width,100%);--flex-grow:var(--container-widget-flex-grow)}<\/style>\t\t<div class=\"elementor-divider\">\n\t\t\t<span class=\"elementor-divider-separator\">\n\t\t\t\t\t\t<\/span>\n\t\t<\/div>\n\t\t\t\t<\/div>\n\t\t\t\t<\/div>\n\t\t\t\t<div class=\"elementor-element elementor-element-7cc62997 elementor-widget elementor-widget-text-editor\" data-id=\"7cc62997\" data-element_type=\"widget\" data-widget_type=\"text-editor.default\">\n\t\t\t\t<div class=\"elementor-widget-container\">\n\t\t\t<style>\/*! elementor - v3.17.0 - 08-11-2023 *\/\n.elementor-widget-text-editor.elementor-drop-cap-view-stacked .elementor-drop-cap{background-color:#69727d;color:#fff}.elementor-widget-text-editor.elementor-drop-cap-view-framed .elementor-drop-cap{color:#69727d;border:3px solid;background-color:transparent}.elementor-widget-text-editor:not(.elementor-drop-cap-view-default) .elementor-drop-cap{margin-top:8px}.elementor-widget-text-editor:not(.elementor-drop-cap-view-default) .elementor-drop-cap-letter{width:1em;height:1em}.elementor-widget-text-editor .elementor-drop-cap{float:left;text-align:center;line-height:1;font-size:50px}.elementor-widget-text-editor .elementor-drop-cap-letter{display:inline-block}<\/style>\t\t\t\t<p style=\"text-align: left;\">Com mais de 30 anos de experi\u00eancia, transformando sorrisos e promovendo sa\u00fade bucal, somos reconhecidos pela excel\u00eancia no atendimento e pela constante inova\u00e7\u00e3o tecnol\u00f3gica. Combinamos qualidade, acessibilidade e humaniza\u00e7\u00e3o para oferecer o melhor cuidado odontol\u00f3gico a voc\u00ea e fam\u00edlia.<\/p><p>\u00a0<\/p><h5 style=\"text-align: left;\"><span style=\"color: #000000;\"><strong>Nossos Benef\u00edcios<\/strong><\/span><\/h5><p style=\"text-align: left;\"><span style=\"color: #000000;\"><strong>Atendimento completo:<\/strong><\/span>\u00a0Servi\u00e7os que abrangem desde a preven\u00e7\u00e3o at\u00e9 tratamentos avan\u00e7ados, como ortodontia, implantes, est\u00e9tica e muito mais.<\/p><p>\u00a0<\/p><p>\u00a0<\/p><p style=\"text-align: left;\"><span style=\"color: #000000;\"><strong>Profissionais qualificados:<\/strong><\/span>\u00a0Equipe de dentistas altamente capacitados e especializados, comprometidos com a sua sa\u00fade bucal.<\/p><p>\u00a0<\/p><p>\u00a0<\/p><p style=\"text-align: left;\"><span style=\"color: #000000;\"><strong>Tecnologia de ponta:<\/strong><\/span>\u00a0Equipamentos modernos e t\u00e9cnicas avan\u00e7adas para garantir resultados precisos e confort\u00e1veis.<\/p><p>\u00a0<\/p><p>\u00a0<\/p><p style=\"text-align: left;\"><span style=\"color: #000000;\"><strong>Acessibilidade:<\/strong><\/span>\u00a0Planos e condi\u00e7\u00f5es especiais que tornam o sorriso perfeito acess\u00edvel a todos.<\/p><p>\u00a0<\/p><p>\u00a0<\/p><h5 style=\"text-align: left;\"><span style=\"color: #000000;\"><strong>Nosso Diferencial<\/strong><\/span><\/h5><p style=\"text-align: left;\">Escolher a OdontoCompany \u00e9 optar por uma experi\u00eancia odontol\u00f3gica de confian\u00e7a e proximidade. Estamos localizados na Avenida Mandacaru, 978, em Maring\u00e1. Nosso objetivo vai al\u00e9m de tratamentos: queremos que voc\u00ea sorria com sa\u00fade e confian\u00e7a.<\/p><p>\u00a0<\/p><p>\u00a0<\/p><p style=\"text-align: left;\">Venha nos conhecer e descubra como podemos transformar o seu sorriso!<\/p>\t\t\t\t\t\t<\/div>\n\t\t\t\t<\/div>\n\t\t\t\t<div class=\"elementor-element elementor-element-1d987e9e elementor-widget elementor-widget-text-editor\" data-id=\"1d987e9e\" data-element_type=\"widget\" data-widget_type=\"text-editor.default\">\n\t\t\t\t<div class=\"elementor-widget-container\">\n\t\t\t\t\t\t\t\t\t\t\t\t\t<\/div>\n\t\t\t\t<\/div>\n\t\t\t\t\t<\/div>\n\t\t<\/div>\n\t\t\t\t\t\t\t<\/div>\n\t\t<\/section>\n\t\t\t\t<section class=\"elementor-section elementor-top-section elementor-element elementor-element-76de80c0 elementor-section-boxed elementor-section-height-default elementor-section-height-default\" data-id=\"76de80c0\" data-element_type=\"section\" data-settings=\"{&quot;background_background&quot;:&quot;classic&quot;,&quot;_ha_eqh_enable&quot;:false}\">\n\t\t\t\t\t\t<div class=\"elementor-container elementor-column-gap-default\">\n\t\t\t\t\t<div class=\"elementor-column elementor-col-100 elementor-top-column elementor-element elementor-element-1c1e8ac9\" data-id=\"1c1e8ac9\" data-element_type=\"column\">\n\t\t\t<div class=\"elementor-widget-wrap elementor-element-populated\">\n\t\t\t\t\t\t\t\t<div class=\"elementor-element elementor-element-1beeb75c elementor-widget elementor-widget-heading\" data-id=\"1beeb75c\" data-element_type=\"widget\" data-widget_type=\"heading.default\">\n\t\t\t\t<div class=\"elementor-widget-container\">\n\t\t\t<h2 class=\"elementor-heading-title elementor-size-default\">Agende sua consulta gratuita<\/h2>\t\t<\/div>\n\t\t\t\t<\/div>\n\t\t\t\t<div class=\"elementor-element elementor-element-1f27ccdf elementor-widget-divider--view-line elementor-widget elementor-widget-divider\" data-id=\"1f27ccdf\" data-element_type=\"widget\" data-widget_type=\"divider.default\">\n\t\t\t\t<div class=\"elementor-widget-container\">\n\t\t\t\t\t<div class=\"elementor-divider\">\n\t\t\t<span class=\"elementor-divider-separator\">\n\t\t\t\t\t\t<\/span>\n\t\t<\/div>\n\t\t\t\t<\/div>\n\t\t\t\t<\/div>\n\t\t\t\t<div class=\"elementor-element elementor-element-16056df2 elementor-widget elementor-widget-text-editor\" data-id=\"16056df2\" data-element_type=\"widget\" data-widget_type=\"text-editor.default\">\n\t\t\t\t<div class=\"elementor-widget-container\">\n\t\t\t\t\t\t\t\t\t\t\t\t\t<\/div>\n\t\t\t\t<\/div>\n\t\t\t\t<div class=\"elementor-element elementor-element-36b61e60 elementor-align-center elementor-widget elementor-widget-button\" data-id=\"36b61e60\" data-element_type=\"widget\" data-widget_type=\"button.default\">\n\t\t\t\t<div class=\"elementor-widget-container\">\n\t\t\t\t\t<div class=\"elementor-button-wrapper\">\n\t\t\t<a class=\"elementor-button elementor-button-link elementor-size-lg\" href=\"https:\/\/api.whatsapp.com\/send?phone=554432462354&#038;text=Ol%C3%A1,%20vim%20pelo%20Google!\">\n\t\t\t\t\t\t<span class=\"elementor-button-content-wrapper\">\n\t\t\t\t\t\t<span class=\"elementor-button-text\">AGENDAR AGORA<\/span>\n\t\t<\/span>\n\t\t\t\t\t<\/a>\n\t\t<\/div>\n\t\t\t\t<\/div>\n\t\t\t\t<\/div>\n\t\t\t\t\t<\/div>\n\t\t<\/div>\n\t\t\t\t\t\t\t<\/div>\n\t\t<\/section>\n\t\t\t\t\t\t\t<\/div>\n\t\t","protected":false},"excerpt":{"rendered":"<p>Quem Somos A OdontoCompany \u00e9 uma das maiores Franquias Odontol\u00f3gicas do Brasil. Com mais de 30 anos de experi\u00eancia, transformando sorrisos e promovendo sa\u00fade bucal, somos reconhecidos pela excel\u00eancia no atendimento e pela constante inova\u00e7\u00e3o tecnol\u00f3gica. Combinamos qualidade, acessibilidade e humaniza\u00e7\u00e3o para oferecer o melhor cuidado odontol\u00f3gico a voc\u00ea e fam\u00edlia. \u00a0 Nossos Benef\u00edcios Atendimento &hellip;<\/p>\n<p class=\"read-more\"> <a class=\"\" href=\"https:\/\/odontocompanymandacaru.com.br\/site\/sobre\/\"> <span class=\"screen-reader-text\">Sobre<\/span> Leia mais &raquo;<\/a><\/p>\n","protected":false},"author":1,"featured_media":0,"parent":0,"menu_order":0,"comment_status":"closed","ping_status":"closed","template":"","meta":{"site-sidebar-layout":"no-sidebar","site-content-layout":"page-builder","ast-site-content-layout":"full-width-container","site-content-style":"default","site-sidebar-style":"default","ast-global-header-display":"","ast-banner-title-visibility":"","ast-main-header-display":"","ast-hfb-above-header-display":"","ast-hfb-below-header-display":"","ast-hfb-mobile-header-display":"","site-post-title":"disabled","ast-breadcrumbs-content":"","ast-featured-img":"disabled","footer-sml-layout":"","theme-transparent-header-meta":"","adv-header-id-meta":"","stick-header-meta":"","header-above-stick-meta":"","header-main-stick-meta":"","header-below-stick-meta":"","astra-migrate-meta-layouts":"set","ast-page-background-enabled":"default","ast-page-background-meta":{"desktop":{"background-color":"","background-image":"","background-repeat":"repeat","background-position":"center center","background-size":"auto","background-attachment":"scroll","background-type":"","background-media":"","overlay-type":"","overlay-color":"","overlay-gradient":""},"tablet":{"background-color":"","background-image":"","background-repeat":"repeat","background-position":"center center","background-size":"auto","background-attachment":"scroll","background-type":"","background-media":"","overlay-type":"","overlay-color":"","overlay-gradient":""},"mobile":{"background-color":"","background-image":"","background-repeat":"repeat","background-position":"center center","background-size":"auto","background-attachment":"scroll","background-type":"","background-media":"","overlay-type":"","overlay-color":"","overlay-gradient":""}},"ast-content-background-meta":{"desktop":{"background-color":"var(--ast-global-color-5)","background-image":"","background-repeat":"repeat","background-position":"center center","background-size":"auto","background-attachment":"scroll","background-type":"","background-media":"","overlay-type":"","overlay-color":"","overlay-gradient":""},"tablet":{"background-color":"var(--ast-global-color-5)","background-image":"","background-repeat":"repeat","background-position":"center center","background-size":"auto","background-attachment":"scroll","background-type":"","background-media":"","overlay-type":"","overlay-color":"","overlay-gradient":""},"mobile":{"background-color":"var(--ast-global-color-5)","background-image":"","background-repeat":"repeat","background-position":"center center","background-size":"auto","background-attachment":"scroll","background-type":"","background-media":"","overlay-type":"","overlay-color":"","overlay-gradient":""}},"footnotes":""},"class_list":["post-979","page","type-page","status-publish","hentry"],"_links":{"self":[{"href":"https:\/\/odontocompanymandacaru.com.br\/site\/wp-json\/wp\/v2\/pages\/979","targetHints":{"allow":["GET"]}}],"collection":[{"href":"https:\/\/odontocompanymandacaru.com.br\/site\/wp-json\/wp\/v2\/pages"}],"about":[{"href":"https:\/\/odontocompanymandacaru.com.br\/site\/wp-json\/wp\/v2\/types\/page"}],"author":[{"embeddable":true,"href":"https:\/\/odontocompanymandacaru.com.br\/site\/wp-json\/wp\/v2\/users\/1"}],"replies":[{"embeddable":true,"href":"https:\/\/odontocompanymandacaru.com.br\/site\/wp-json\/wp\/v2\/comments?post=979"}],"version-history":[{"count":61,"href":"https:\/\/odontocompanymandacaru.com.br\/site\/wp-json\/wp\/v2\/pages\/979\/revisions"}],"predecessor-version":[{"id":1537,"href":"https:\/\/odontocompanymandacaru.com.br\/site\/wp-json\/wp\/v2\/pages\/979\/revisions\/1537"}],"wp:attachment":[{"href":"https:\/\/odontocompanymandacaru.com.br\/site\/wp-json\/wp\/v2\/media?parent=979"}],"curies":[{"name":"wp","href":"https:\/\/api.w.org\/{rel}","templated":true}]}}